{"id":241,"date":"2023-09-29T11:48:52","date_gmt":"2023-09-29T16:48:52","guid":{"rendered":"https:\/\/localhost\/eal\/?page_id=241"},"modified":"2024-01-24T15:19:49","modified_gmt":"2024-01-24T20:19:49","slug":"directorio-telefonico","status":"publish","type":"page","link":"https:\/\/www.artesyletras.edu.co\/eal\/directorio-telefonico\/","title":{"rendered":"Directorio Telef\u00f3nico"},"content":{"rendered":"<p>[et_pb_section fb_built=\u00bb1&#8243; _builder_version=\u00bb4.22.0&#8243; _module_preset=\u00bbdefault\u00bb background_image=\u00bbhttps:\/\/www.artesyletras.edu.co\/eal\/wp-content\/uploads\/2023\/10\/vicerrectoriaacademica-min.jpg\u00bb max_width=\u00bb1920px\u00bb height=\u00bb650px\u00bb height_tablet=\u00bb340px\u00bb height_phone=\u00bb244px\u00bb height_last_edited=\u00bbon|phone\u00bb global_colors_info=\u00bb{}\u00bb][et_pb_row _builder_version=\u00bb4.22.0&#8243; _module_preset=\u00bbdefault\u00bb global_colors_info=\u00bb{}\u00bb][et_pb_column type=\u00bb4_4&#8243; _builder_version=\u00bb4.22.0&#8243; _module_preset=\u00bbdefault\u00bb global_colors_info=\u00bb{}\u00bb][et_pb_post_title meta=\u00bboff\u00bb _builder_version=\u00bb4.22.0&#8243; _module_preset=\u00bbdefault\u00bb title_level=\u00bbh2&#8243; title_font=\u00bbMontserrat|700|||||||\u00bb title_text_align=\u00bbcenter\u00bb title_text_color=\u00bb#FFFFFF\u00bb title_font_size=\u00bb4vw\u00bb custom_margin=\u00bb85px||0px||false|false\u00bb custom_margin_tablet=\u00bb40px||||false|false\u00bb custom_margin_phone=\u00bb10px||||false|false\u00bb custom_margin_last_edited=\u00bbon|phone\u00bb custom_padding=\u00bb0px||0px||false|false\u00bb custom_padding_tablet=\u00bb0px||0px||false|false\u00bb custom_padding_phone=\u00bb0px||0px||false|false\u00bb custom_padding_last_edited=\u00bbon|phone\u00bb title_font_size_tablet=\u00bb6vw\u00bb title_font_size_phone=\u00bb7vw\u00bb title_font_size_last_edited=\u00bbon|phone\u00bb title_text_shadow_style=\u00bbpreset1&#8243; global_colors_info=\u00bb{}\u00bb][\/et_pb_post_title][et_pb_text content_tablet=\u00bb<\/p>\n<p style=%22text-align: center;%22><a href=%22https:\/\/artesyletras.edu.co\/eal\/contactenos\/%22 class=%22ov-btn-slide-left%22>COMUN\u00cdCATE CON NOSOTROS<\/a><\/p>\n<p>\u00bb content_phone=\u00bb<\/p>\n<p style=%22text-align: center;%22><a href=%22https:\/\/artesyletras.edu.co\/eal\/contactenos\/%22 class=%22ov-btn-slide-left%22>COMUN\u00cdCATE CON NOSOTROS<\/a><\/p>\n<p>\u00bb content_last_edited=\u00bbon|phone\u00bb _builder_version=\u00bb4.22.0&#8243; _module_preset=\u00bbdefault\u00bb text_font=\u00bbMontserrat||||||||\u00bb text_text_color=\u00bb#FFFFFF\u00bb text_font_size=\u00bb18px\u00bb text_line_height=\u00bb1em\u00bb text_orientation=\u00bbcenter\u00bb width_tablet=\u00bb100%\u00bb width_phone=\u00bb100%\u00bb width_last_edited=\u00bbon|phone\u00bb text_font_size_tablet=\u00bb12px\u00bb text_font_size_phone=\u00bb8px\u00bb text_font_size_last_edited=\u00bbon|phone\u00bb text_text_shadow_style=\u00bbpreset1&#8243; global_colors_info=\u00bb{}\u00bb]<\/p>\n<p style=\"text-align: center;\"><a href=\"https:\/\/artesyletras.edu.co\/eal\/contactenos\/\" class=\"ov-btn-slide-left\">COMUN\u00cdCATE CON NOSOTROS<\/a><\/p>\n<p>[\/et_pb_text][\/et_pb_column][\/et_pb_row][\/et_pb_section][et_pb_section fb_built=\u00bb1&#8243; _builder_version=\u00bb4.22.0&#8243; _module_preset=\u00bbdefault\u00bb background_color=\u00bb#eaeaea\u00bb global_colors_info=\u00bb{}\u00bb][et_pb_row custom_padding_last_edited=\u00bbon|tablet\u00bb _builder_version=\u00bb4.22.0&#8243; _module_preset=\u00bbdefault\u00bb background_color=\u00bb#FFFFFF\u00bb width=\u00bb100%\u00bb max_width=\u00bb41%\u00bb max_width_tablet=\u00bb80%\u00bb max_width_phone=\u00bb95%\u00bb max_width_last_edited=\u00bbon|phone\u00bb custom_margin=\u00bb-240px||||false|false\u00bb custom_margin_tablet=\u00bb-110px||||false|false\u00bb custom_margin_phone=\u00bb-87px||||false|false\u00bb custom_margin_last_edited=\u00bbon|phone\u00bb custom_padding=\u00bb30px|40px|25px|40px|false|false\u00bb custom_padding_tablet=\u00bb20px|20px|20px|20px|false|false\u00bb custom_padding_phone=\u00bb20px|20px|20px|20px|false|false\u00bb global_colors_info=\u00bb{}\u00bb][et_pb_column type=\u00bb4_4&#8243; _builder_version=\u00bb4.22.0&#8243; _module_preset=\u00bbdefault\u00bb global_colors_info=\u00bb{}\u00bb][et_pb_text _builder_version=\u00bb4.22.0&#8243; _module_preset=\u00bbdefault\u00bb header_3_text_color=\u00bb#224692&#8243; custom_margin=\u00bb||||false|false\u00bb global_colors_info=\u00bb{}\u00bb]<\/p>\n<p><b>Descargar directorio actualizado haciendo <a href=\"https:\/\/drive.google.com\/file\/d\/15bDsKMpbo9rjNLSk8ahceR4EUcfKU-Of\/view?usp=share_link\" target=\"_blank\" rel=\"noopener\">click aqu\u00ed.<\/a><\/b><\/p>\n<p><b><\/b><\/p>\n<h3><strong>DIRECTORIO<\/strong><\/h3>\n<p><strong>Sede Administrativa<\/strong><br \/><strong>PBX:<\/strong><span>\u00a0<\/span>(601) 541 7173<\/p>\n<p><strong>Porter\u00eda<\/strong><span>\u00a0<\/span>***** 0<br \/><b>Tesorer\u00eda:<\/b><span>\u00a0<\/span>ext. 29<br \/><strong>Representante Legal<\/strong><span>\u00a0<\/span>ext. 13<br \/><strong>Talento Humano:<\/strong><span>\u00a0<\/span>ext. 18 \u2013 17<br \/><strong>Dir. Especializaci\u00f3n en Aval\u00faos:<\/strong><span>\u00a0<\/span>ext. 18 \u2013 17<br \/><strong>Vicerrector\u00eda Evaluaci\u00f3n y Calidad:<\/strong><span>\u00a0<\/span>ext. 20<br \/><strong>Asistente Vice. Evaluaci\u00f3n y Calidad:<\/strong><span>\u00a0<\/span>ext. 20<br \/><strong>Vicerrector\u00eda de Internacionalizaci\u00f3n:<\/strong><span>\u00a0<\/span>ext. 25<br \/><strong>Asistente Vice. Internacionalizaci\u00f3n:<\/strong><span>\u00a0<\/span>ext. 23<br \/><strong>Dise\u00f1o Institucional:<\/strong><span>\u00a0<\/span>ext. 23<br \/><strong>Asistente de Rector\u00eda:<\/strong><span>\u00a0<\/span>ext. 33<br \/><strong>Vicerrector\u00eda Acad\u00e9mica:<\/strong><span>\u00a0<\/span>ext. 26<br \/><strong>Asistente Vice. Acad\u00e9mica:<\/strong><span>\u00a0<\/span>ext. 14<br \/><strong>Secretaria Acad\u00e9mica:<\/strong><span>\u00a0<\/span>ext. 27<br \/><strong>Direcci\u00f3n de Egresados:<\/strong><span>\u00a0<\/span>ext. 12<br \/><strong>Contabilidad:<\/strong><span>\u00a0<\/span>ext. 30<br \/><strong>Secretar\u00eda General:<\/strong><span>\u00a0<\/span>ext. 32<br \/><strong>Archivo:<\/strong><span>\u00a0<\/span>ext. 33<br \/><strong>Dir. Dise\u00f1o Interior:<\/strong><span>\u00a0<\/span>ext. 32<br \/><strong>Dir. Artes Pl\u00e1sticas:<\/strong><span>\u00a0<\/span>ext. 32<br \/><strong>Dir. Ingenier\u00eda de las Artes digitales:<\/strong><span>\u00a0<\/span>ext. 32<\/p>\n<p><strong>SEDE B<\/strong><br \/><strong>PBX: (601) 8051029 \u2013 (601) 2497133<\/strong><br \/><strong><b>Direcci\u00f3n de Pasant\u00edas<\/b>:<\/strong><span>\u00a0<\/span>ext. 16 \u2013 17<br \/><strong><b>Direcci\u00f3n Programa Dise\u00f1o Gr\u00e1fico<\/b>:<\/strong><span>\u00a0<\/span>ext. 20<br \/><b>Direcci\u00f3n de bienestar:<\/b><span>\u00a0<\/span>ext. 21<\/p>\n<p><strong>SEDE C<\/strong><br \/><strong>PBX: (601) 8051029 \u2013 (601) 2497133<\/strong><br \/><b>Enfermer\u00eda:<\/b><span>\u00a0<\/span>ext. 23<br \/><strong>L\u00ednea directa\u00a0Promoci\u00f3n y Mercadeo:<\/strong><span>\u00a0<\/span>5437601<br \/><strong>Promoci\u00f3n y Mercadeo:<\/strong>8051029\u00a0ext. 24, 25, 26, 27<br \/><strong><b>Direcci\u00f3n de Audiovisuales<\/b>:<\/strong><span>\u00a0<\/span>ext. 31<br \/><strong>Cr\u00e9dito y Cartera:<\/strong><span>\u00a0<\/span>32, 34<br \/><strong>Biblioteca:<\/strong><span>\u00a0<\/span>33<br \/><strong>Dir. Cine y TV:<\/strong><span>\u00a0<\/span>31<br \/><strong>Dir. Especializaci\u00f3n en Dise\u00f1o Interactivo Digital:<\/strong><span>\u00a0<\/span>31<br \/><strong>Audiovisuales:<\/strong><span>\u00a0<\/span>31<br \/><strong>Vicerrector de Tecnolog\u00eda:<\/strong><span>\u00a0<\/span>(601) 7423215<br \/><strong>Sistemas:<\/strong><span>\u00a0<\/span>(601) 7423215<br \/><strong>Dir. Administraci\u00f3n de Obras:<\/strong><span>\u00a0<\/span>(601) 7423215<br \/><b><\/b><\/p>\n<p><strong>SEDE E<\/strong><br \/><strong>PBX: (601) 2496792<\/strong><br \/><strong><b>Direcci\u00f3n de Idiomas<\/b>:<\/strong><span>\u00a0<\/span>ext. 29<br \/><strong>Dir. Dise\u00f1o de Modas:<\/strong><span>\u00a0<\/span>ext. 29<br \/><strong>Psicolog\u00eda:<\/strong><span>\u00a0<\/span>ext. 28<\/p>\n<p><strong>Vicerrector\u00eda de Tecnolog\u00eda:<\/strong><span>\u00a0<\/span>7423215<\/p>\n<p><strong>L\u00ednea directa Of Biblioteca:<\/strong><span>\u00a0<\/span>2490385<\/p>\n<p><strong>El PBX 249 7133 enlaza las sedes C, B y E.<\/strong><\/p>\n<p>[\/et_pb_text][\/et_pb_column][\/et_pb_row][\/et_pb_section]<\/p>\n","protected":false},"excerpt":{"rendered":"<p>COMUN\u00cdCATE CON NOSOTROSDescargar directorio actualizado haciendo click aqu\u00ed. DIRECTORIO Sede AdministrativaPBX:\u00a0(601) 541 7173 Porter\u00eda\u00a0***** 0Tesorer\u00eda:\u00a0ext. 29Representante Legal\u00a0ext. 13Talento Humano:\u00a0ext. 18 \u2013 17Dir. Especializaci\u00f3n en Aval\u00faos:\u00a0ext. 18 \u2013 17Vicerrector\u00eda Evaluaci\u00f3n y Calidad:\u00a0ext. 20Asistente Vice. Evaluaci\u00f3n y Calidad:\u00a0ext. 20Vicerrector\u00eda de Internacionalizaci\u00f3n:\u00a0ext. 25Asistente Vice. Internacionalizaci\u00f3n:\u00a0ext. 23Dise\u00f1o Institucional:\u00a0ext. 23Asistente de Rector\u00eda:\u00a0ext. 33Vicerrector\u00eda Acad\u00e9mica:\u00a0ext. 26Asistente Vice. Acad\u00e9mica:\u00a0ext. 14Secretaria Acad\u00e9mica:\u00a0ext. 27Direcci\u00f3n [&hellip;]<\/p>\n","protected":false},"author":1,"featured_media":0,"parent":0,"menu_order":0,"comment_status":"closed","ping_status":"closed","template":"","meta":{"_et_pb_use_builder":"on","_et_pb_old_content":"<!-- wp:divi\/placeholder \/-->","_et_gb_content_width":"","content-type":"","_joinchat":[],"footnotes":""},"class_list":["post-241","page","type-page","status-publish","hentry"],"yoast_head":"<!-- This site is optimized with the Yoast SEO plugin v27.3 - https:\/\/yoast.com\/product\/yoast-seo-wordpress\/ -->\n<title>Directorio Telef\u00f3nico - Escuela de Artes y Letras<\/title>\n<meta name=\"robots\" content=\"index, follow, max-snippet:-1, max-image-preview:large, max-video-preview:-1\" \/>\n<link rel=\"canonical\" href=\"https:\/\/www.artesyletras.edu.co\/eal\/directorio-telefonico\/\" \/>\n<meta property=\"og:locale\" content=\"es_ES\" \/>\n<meta property=\"og:type\" content=\"article\" \/>\n<meta property=\"og:title\" content=\"Directorio Telef\u00f3nico - Escuela de Artes y Letras\" \/>\n<meta property=\"og:description\" content=\"COMUN\u00cdCATE CON NOSOTROSDescargar directorio actualizado haciendo click aqu\u00ed. DIRECTORIO Sede AdministrativaPBX:\u00a0(601) 541 7173 Porter\u00eda\u00a0***** 0Tesorer\u00eda:\u00a0ext. 29Representante Legal\u00a0ext. 13Talento Humano:\u00a0ext. 18 \u2013 17Dir. Especializaci\u00f3n en Aval\u00faos:\u00a0ext. 18 \u2013 17Vicerrector\u00eda Evaluaci\u00f3n y Calidad:\u00a0ext. 20Asistente Vice. Evaluaci\u00f3n y Calidad:\u00a0ext. 20Vicerrector\u00eda de Internacionalizaci\u00f3n:\u00a0ext. 25Asistente Vice. Internacionalizaci\u00f3n:\u00a0ext. 23Dise\u00f1o Institucional:\u00a0ext. 23Asistente de Rector\u00eda:\u00a0ext. 33Vicerrector\u00eda Acad\u00e9mica:\u00a0ext. 26Asistente Vice. Acad\u00e9mica:\u00a0ext. 14Secretaria Acad\u00e9mica:\u00a0ext. 27Direcci\u00f3n [&hellip;]\" \/>\n<meta property=\"og:url\" content=\"https:\/\/www.artesyletras.edu.co\/eal\/directorio-telefonico\/\" \/>\n<meta property=\"og:site_name\" content=\"Escuela de Artes y Letras\" \/>\n<meta property=\"article:modified_time\" content=\"2024-01-24T20:19:49+00:00\" \/>\n<meta property=\"og:image\" content=\"https:\/\/www.artesyletras.edu.co\/eal\/wp-content\/uploads\/2024\/08\/logo4123-05.png\" \/>\n\t<meta property=\"og:image:width\" content=\"6319\" \/>\n\t<meta property=\"og:image:height\" content=\"2991\" \/>\n\t<meta property=\"og:image:type\" content=\"image\/png\" \/>\n<meta name=\"twitter:card\" content=\"summary_large_image\" \/>\n<meta name=\"twitter:label1\" content=\"Tiempo de lectura\" \/>\n\t<meta name=\"twitter:data1\" content=\"3 minutos\" \/>\n<script type=\"application\/ld+json\" class=\"yoast-schema-graph\">{\"@context\":\"https:\\\/\\\/schema.org\",\"@graph\":[{\"@type\":\"WebPage\",\"@id\":\"https:\\\/\\\/www.artesyletras.edu.co\\\/eal\\\/directorio-telefonico\\\/\",\"url\":\"https:\\\/\\\/www.artesyletras.edu.co\\\/eal\\\/directorio-telefonico\\\/\",\"name\":\"Directorio Telef\u00f3nico - Escuela de Artes y Letras\",\"isPartOf\":{\"@id\":\"https:\\\/\\\/www.artesyletras.edu.co\\\/eal\\\/#website\"},\"datePublished\":\"2023-09-29T16:48:52+00:00\",\"dateModified\":\"2024-01-24T20:19:49+00:00\",\"breadcrumb\":{\"@id\":\"https:\\\/\\\/www.artesyletras.edu.co\\\/eal\\\/directorio-telefonico\\\/#breadcrumb\"},\"inLanguage\":\"es\",\"potentialAction\":[{\"@type\":\"ReadAction\",\"target\":[\"https:\\\/\\\/www.artesyletras.edu.co\\\/eal\\\/directorio-telefonico\\\/\"]}]},{\"@type\":\"BreadcrumbList\",\"@id\":\"https:\\\/\\\/www.artesyletras.edu.co\\\/eal\\\/directorio-telefonico\\\/#breadcrumb\",\"itemListElement\":[{\"@type\":\"ListItem\",\"position\":1,\"name\":\"Home\",\"item\":\"https:\\\/\\\/www.artesyletras.edu.co\\\/eal\\\/\"},{\"@type\":\"ListItem\",\"position\":2,\"name\":\"Directorio Telef\u00f3nico\"}]},{\"@type\":\"WebSite\",\"@id\":\"https:\\\/\\\/www.artesyletras.edu.co\\\/eal\\\/#website\",\"url\":\"https:\\\/\\\/www.artesyletras.edu.co\\\/eal\\\/\",\"name\":\"Escuela de Artes y Letras\",\"description\":\"La Corporaci\u00f3n Escuela de Artes y Letras - Instituci\u00f3n Universitaria. Es el referente del Arte aplicado a las Industrias Creativas y Culturales.\",\"publisher\":{\"@id\":\"https:\\\/\\\/www.artesyletras.edu.co\\\/eal\\\/#organization\"},\"alternateName\":\"www.artesyletras.com.co\",\"potentialAction\":[{\"@type\":\"SearchAction\",\"target\":{\"@type\":\"EntryPoint\",\"urlTemplate\":\"https:\\\/\\\/www.artesyletras.edu.co\\\/eal\\\/?s={search_term_string}\"},\"query-input\":{\"@type\":\"PropertyValueSpecification\",\"valueRequired\":true,\"valueName\":\"search_term_string\"}}],\"inLanguage\":\"es\"},{\"@type\":\"Organization\",\"@id\":\"https:\\\/\\\/www.artesyletras.edu.co\\\/eal\\\/#organization\",\"name\":\"Escuela de Artes y letras\",\"alternateName\":\"www.artesyletras.com.co\",\"url\":\"https:\\\/\\\/www.artesyletras.edu.co\\\/eal\\\/\",\"logo\":{\"@type\":\"ImageObject\",\"inLanguage\":\"es\",\"@id\":\"https:\\\/\\\/www.artesyletras.edu.co\\\/eal\\\/#\\\/schema\\\/logo\\\/image\\\/\",\"url\":\"https:\\\/\\\/www.artesyletras.edu.co\\\/eal\\\/wp-content\\\/uploads\\\/2024\\\/08\\\/logo4123-05.png\",\"contentUrl\":\"https:\\\/\\\/www.artesyletras.edu.co\\\/eal\\\/wp-content\\\/uploads\\\/2024\\\/08\\\/logo4123-05.png\",\"width\":6319,\"height\":2991,\"caption\":\"Escuela de Artes y letras\"},\"image\":{\"@id\":\"https:\\\/\\\/www.artesyletras.edu.co\\\/eal\\\/#\\\/schema\\\/logo\\\/image\\\/\"}}]}<\/script>\n<!-- \/ Yoast SEO plugin. -->","yoast_head_json":{"title":"Directorio Telef\u00f3nico - Escuela de Artes y Letras","robots":{"index":"index","follow":"follow","max-snippet":"max-snippet:-1","max-image-preview":"max-image-preview:large","max-video-preview":"max-video-preview:-1"},"canonical":"https:\/\/www.artesyletras.edu.co\/eal\/directorio-telefonico\/","og_locale":"es_ES","og_type":"article","og_title":"Directorio Telef\u00f3nico - Escuela de Artes y Letras","og_description":"COMUN\u00cdCATE CON NOSOTROSDescargar directorio actualizado haciendo click aqu\u00ed. DIRECTORIO Sede AdministrativaPBX:\u00a0(601) 541 7173 Porter\u00eda\u00a0***** 0Tesorer\u00eda:\u00a0ext. 29Representante Legal\u00a0ext. 13Talento Humano:\u00a0ext. 18 \u2013 17Dir. Especializaci\u00f3n en Aval\u00faos:\u00a0ext. 18 \u2013 17Vicerrector\u00eda Evaluaci\u00f3n y Calidad:\u00a0ext. 20Asistente Vice. Evaluaci\u00f3n y Calidad:\u00a0ext. 20Vicerrector\u00eda de Internacionalizaci\u00f3n:\u00a0ext. 25Asistente Vice. Internacionalizaci\u00f3n:\u00a0ext. 23Dise\u00f1o Institucional:\u00a0ext. 23Asistente de Rector\u00eda:\u00a0ext. 33Vicerrector\u00eda Acad\u00e9mica:\u00a0ext. 26Asistente Vice. Acad\u00e9mica:\u00a0ext. 14Secretaria Acad\u00e9mica:\u00a0ext. 27Direcci\u00f3n [&hellip;]","og_url":"https:\/\/www.artesyletras.edu.co\/eal\/directorio-telefonico\/","og_site_name":"Escuela de Artes y Letras","article_modified_time":"2024-01-24T20:19:49+00:00","og_image":[{"width":6319,"height":2991,"url":"https:\/\/www.artesyletras.edu.co\/eal\/wp-content\/uploads\/2024\/08\/logo4123-05.png","type":"image\/png"}],"twitter_card":"summary_large_image","twitter_misc":{"Tiempo de lectura":"3 minutos"},"schema":{"@context":"https:\/\/schema.org","@graph":[{"@type":"WebPage","@id":"https:\/\/www.artesyletras.edu.co\/eal\/directorio-telefonico\/","url":"https:\/\/www.artesyletras.edu.co\/eal\/directorio-telefonico\/","name":"Directorio Telef\u00f3nico - Escuela de Artes y Letras","isPartOf":{"@id":"https:\/\/www.artesyletras.edu.co\/eal\/#website"},"datePublished":"2023-09-29T16:48:52+00:00","dateModified":"2024-01-24T20:19:49+00:00","breadcrumb":{"@id":"https:\/\/www.artesyletras.edu.co\/eal\/directorio-telefonico\/#breadcrumb"},"inLanguage":"es","potentialAction":[{"@type":"ReadAction","target":["https:\/\/www.artesyletras.edu.co\/eal\/directorio-telefonico\/"]}]},{"@type":"BreadcrumbList","@id":"https:\/\/www.artesyletras.edu.co\/eal\/directorio-telefonico\/#breadcrumb","itemListElement":[{"@type":"ListItem","position":1,"name":"Home","item":"https:\/\/www.artesyletras.edu.co\/eal\/"},{"@type":"ListItem","position":2,"name":"Directorio Telef\u00f3nico"}]},{"@type":"WebSite","@id":"https:\/\/www.artesyletras.edu.co\/eal\/#website","url":"https:\/\/www.artesyletras.edu.co\/eal\/","name":"Escuela de Artes y Letras","description":"La Corporaci\u00f3n Escuela de Artes y Letras - Instituci\u00f3n Universitaria. Es el referente del Arte aplicado a las Industrias Creativas y Culturales.","publisher":{"@id":"https:\/\/www.artesyletras.edu.co\/eal\/#organization"},"alternateName":"www.artesyletras.com.co","potentialAction":[{"@type":"SearchAction","target":{"@type":"EntryPoint","urlTemplate":"https:\/\/www.artesyletras.edu.co\/eal\/?s={search_term_string}"},"query-input":{"@type":"PropertyValueSpecification","valueRequired":true,"valueName":"search_term_string"}}],"inLanguage":"es"},{"@type":"Organization","@id":"https:\/\/www.artesyletras.edu.co\/eal\/#organization","name":"Escuela de Artes y letras","alternateName":"www.artesyletras.com.co","url":"https:\/\/www.artesyletras.edu.co\/eal\/","logo":{"@type":"ImageObject","inLanguage":"es","@id":"https:\/\/www.artesyletras.edu.co\/eal\/#\/schema\/logo\/image\/","url":"https:\/\/www.artesyletras.edu.co\/eal\/wp-content\/uploads\/2024\/08\/logo4123-05.png","contentUrl":"https:\/\/www.artesyletras.edu.co\/eal\/wp-content\/uploads\/2024\/08\/logo4123-05.png","width":6319,"height":2991,"caption":"Escuela de Artes y letras"},"image":{"@id":"https:\/\/www.artesyletras.edu.co\/eal\/#\/schema\/logo\/image\/"}}]}},"_links":{"self":[{"href":"https:\/\/www.artesyletras.edu.co\/eal\/wp-json\/wp\/v2\/pages\/241","targetHints":{"allow":["GET"]}}],"collection":[{"href":"https:\/\/www.artesyletras.edu.co\/eal\/wp-json\/wp\/v2\/pages"}],"about":[{"href":"https:\/\/www.artesyletras.edu.co\/eal\/wp-json\/wp\/v2\/types\/page"}],"author":[{"embeddable":true,"href":"https:\/\/www.artesyletras.edu.co\/eal\/wp-json\/wp\/v2\/users\/1"}],"replies":[{"embeddable":true,"href":"https:\/\/www.artesyletras.edu.co\/eal\/wp-json\/wp\/v2\/comments?post=241"}],"version-history":[{"count":7,"href":"https:\/\/www.artesyletras.edu.co\/eal\/wp-json\/wp\/v2\/pages\/241\/revisions"}],"predecessor-version":[{"id":3547,"href":"https:\/\/www.artesyletras.edu.co\/eal\/wp-json\/wp\/v2\/pages\/241\/revisions\/3547"}],"wp:attachment":[{"href":"https:\/\/www.artesyletras.edu.co\/eal\/wp-json\/wp\/v2\/media?parent=241"}],"curies":[{"name":"wp","href":"https:\/\/api.w.org\/{rel}","templated":true}]}}