{"id":1441,"date":"2023-11-07T15:17:07","date_gmt":"2023-11-07T20:17:07","guid":{"rendered":"https:\/\/localhost\/eal\/?page_id=1441"},"modified":"2025-08-28T17:14:47","modified_gmt":"2025-08-28T22:14:47","slug":"sede-girardot-2","status":"publish","type":"page","link":"https:\/\/www.artesyletras.edu.co\/eal\/sede-girardot-2\/","title":{"rendered":"Sede Girardot"},"content":{"rendered":"<p>[et_pb_section fb_built=\u00bb1&#8243; _builder_version=\u00bb4.22.0&#8243; _module_preset=\u00bbdefault\u00bb background_image=\u00bbhttps:\/\/www.artesyletras.edu.co\/eal\/wp-content\/uploads\/2023\/12\/vic-de-calidad-min-08-1.png\u00bb max_width=\u00bb1920px\u00bb height=\u00bb390px\u00bb height_tablet=\u00bb200px\u00bb height_phone=\u00bb144px\u00bb height_last_edited=\u00bbon|phone\u00bb global_colors_info=\u00bb{}\u00bb][et_pb_row _builder_version=\u00bb4.22.0&#8243; _module_preset=\u00bbdefault\u00bb global_colors_info=\u00bb{}\u00bb][et_pb_column type=\u00bb4_4&#8243; _builder_version=\u00bb4.22.0&#8243; _module_preset=\u00bbdefault\u00bb global_colors_info=\u00bb{}\u00bb][et_pb_post_title meta=\u00bboff\u00bb _builder_version=\u00bb4.22.0&#8243; _module_preset=\u00bbdefault\u00bb title_level=\u00bbh2&#8243; title_font=\u00bbMontserrat|700|||||||\u00bb title_text_align=\u00bbcenter\u00bb title_text_color=\u00bb#FFFFFF\u00bb title_font_size=\u00bb4vw\u00bb custom_margin=\u00bb50px||0px||false|false\u00bb custom_margin_tablet=\u00bb-10px||||false|false\u00bb custom_margin_phone=\u00bb-25px||||false|false\u00bb custom_margin_last_edited=\u00bbon|phone\u00bb custom_padding=\u00bb0px||0px||false|false\u00bb custom_padding_tablet=\u00bb0px||0px||false|false\u00bb custom_padding_phone=\u00bb0px||0px||false|false\u00bb custom_padding_last_edited=\u00bbon|phone\u00bb title_font_size_tablet=\u00bb6vw\u00bb title_font_size_phone=\u00bb7vw\u00bb title_font_size_last_edited=\u00bbon|phone\u00bb title_text_shadow_style=\u00bbpreset1&#8243; global_colors_info=\u00bb{}\u00bb][\/et_pb_post_title][et_pb_text content_tablet=\u00bb<\/p>\n<p style=%22text-align: center;%22><a href=%22https:\/\/artesyletras.edu.co\/eal\/contactenos\/%22 class=%22ov-btn-slide-left%22>COMUN\u00cdCATE CON NOSOTROS<\/a><\/p>\n<p>\u00bb content_phone=\u00bb<\/p>\n<p style=%22text-align: center;%22><a href=%22https:\/\/artesyletras.edu.co\/eal\/contactenos\/%22 class=%22ov-btn-slide-left%22>COMUN\u00cdCATE CON NOSOTROS<\/a><\/p>\n<p>\u00bb content_last_edited=\u00bbon|phone\u00bb _builder_version=\u00bb4.22.0&#8243; _module_preset=\u00bbdefault\u00bb text_font=\u00bbMontserrat||||||||\u00bb text_text_color=\u00bb#FFFFFF\u00bb text_font_size=\u00bb18px\u00bb text_line_height=\u00bb1em\u00bb text_orientation=\u00bbcenter\u00bb width_tablet=\u00bb100%\u00bb width_phone=\u00bb100%\u00bb width_last_edited=\u00bbon|phone\u00bb text_font_size_tablet=\u00bb12px\u00bb text_font_size_phone=\u00bb8px\u00bb text_font_size_last_edited=\u00bbon|phone\u00bb text_text_shadow_style=\u00bbpreset1&#8243; global_colors_info=\u00bb{}\u00bb]<\/p>\n<p style=\"text-align: center;\"><a href=\"https:\/\/artesyletras.edu.co\/eal\/contactenos\/\" class=\"ov-btn-slide-left\">COMUN\u00cdCATE CON NOSOTROS<\/a><\/p>\n<p>[\/et_pb_text][\/et_pb_column][\/et_pb_row][\/et_pb_section][et_pb_section fb_built=\u00bb1&#8243; _builder_version=\u00bb4.22.0&#8243; _module_preset=\u00bbdefault\u00bb background_color=\u00bb#eaeaea\u00bb global_colors_info=\u00bb{}\u00bb][et_pb_row column_structure=\u00bb1_3,2_3&#8243; custom_padding_last_edited=\u00bbon|tablet\u00bb _builder_version=\u00bb4.22.0&#8243; _module_preset=\u00bbdefault\u00bb background_color=\u00bb#FFFFFF\u00bb width=\u00bb100%\u00bb max_width=\u00bb73%\u00bb max_width_tablet=\u00bb92%\u00bb max_width_phone=\u00bb95%\u00bb max_width_last_edited=\u00bbon|desktop\u00bb custom_margin_tablet=\u00bb\u00bb custom_margin_phone=\u00bb\u00bb custom_margin_last_edited=\u00bbon|phone\u00bb custom_padding=\u00bb30px|40px|25px|40px|false|false\u00bb custom_padding_tablet=\u00bb20px|20px|20px|20px|false|false\u00bb custom_padding_phone=\u00bb20px|20px|20px|20px|false|false\u00bb global_colors_info=\u00bb{}\u00bb][et_pb_column type=\u00bb1_3&#8243; _builder_version=\u00bb4.22.0&#8243; _module_preset=\u00bbdefault\u00bb global_colors_info=\u00bb{}\u00bb][et_pb_text content_tablet=\u00bb<\/p>\n<h3><span style=%22color: #224692;%22><strong>Informaci\u00f3n Adicional<\/strong><\/span><\/h3>\n<ul>\n<li style=%22list-style-type: none;%22>\n<ul>\n<li>Educacion Formal.<\/li>\n<li>Calendario Acad\u00e9mico 2024-1.<\/li>\n<li>Programas Acad\u00e9micos.<\/li>\n<li>Educaci\u00f3n para el trabajo.<\/li>\n<li>Galer\u00eda de Imagenes.<\/li>\n<li>Reglamento de Higiene y Seguridad Industrial.<\/li>\n<\/ul>\n<\/li>\n<\/ul>\n<h5><span style=%22color: #224692;%22><strong>Sede Girardot:<\/strong><\/span><\/h5>\n<p><strong>Direcci\u00f3n:<\/strong> Calle 16 No. 7 &#8211; 39<\/p>\n<p>Girardot, Cundinamarca<\/p>\n<p><strong>Tel\u00e9fonos:<\/strong> 888 9859<\/p>\n<p><strong>Celular:<\/strong> 317 342 1015 &#8211; 313 450 4203 &#8211; 317 645 7206<\/p>\n<p>321 990 3530 &#8211; 312 477 0908<\/p>\n<p>\u00bb content_phone=\u00bb<\/p>\n<h3><span style=%22color: #224692;%22><strong>Informaci\u00f3n Adicional<\/strong><\/span><\/h3>\n<ul>\n<li style=%22list-style-type: none;%22>\n<ul>\n<li>Educacion Formal.<\/li>\n<li>Calendario Acad\u00e9mico 2022-2.<\/li>\n<li>Programas Acad\u00e9micos.<\/li>\n<li>Educaci\u00f3n para el trabajo.<\/li>\n<li>Galer\u00eda de Imagenes.<\/li>\n<li>Reglamento de Higiene y Seguridad Industrial.<\/li>\n<\/ul>\n<\/li>\n<\/ul>\n<h5><span style=%22color: #224692;%22><strong>Sede Girardot:<\/strong><\/span><\/h5>\n<p><strong>Direcci\u00f3n:<\/strong> Calle 16 No. 7 &#8211; 39<\/p>\n<p>Girardot, Cundinamarca<\/p>\n<p><strong>Tel\u00e9fonos:<\/strong> 888 9859<\/p>\n<p><strong>Celular:<\/strong> 317 342 1015 &#8211; 313 450 4203<\/p>\n<p>317 645 7206 &#8211; 321 990 3530 &#8211; 312 477 0908<\/p>\n<p>\u00bb content_last_edited=\u00bbon|desktop\u00bb _builder_version=\u00bb4.22.0&#8243; _module_preset=\u00bbdefault\u00bb header_3_text_align=\u00bbcenter\u00bb header_3_font_size=\u00bb1.3vw\u00bb header_5_text_align=\u00bbcenter\u00bb header_5_font_size=\u00bb1.3vw\u00bb hover_enabled=\u00bb0&#8243; header_3_font_size_tablet=\u00bb3vw\u00bb header_3_font_size_phone=\u00bb5vw\u00bb header_3_font_size_last_edited=\u00bbon|phone\u00bb header_5_font_size_tablet=\u00bb2.5vw\u00bb header_5_font_size_phone=\u00bb4vw\u00bb header_5_font_size_last_edited=\u00bbon|phone\u00bb global_colors_info=\u00bb{}\u00bb sticky_enabled=\u00bb0&#8243;]<\/p>\n<h3><span style=\"color: #224692;\"><strong>Informaci\u00f3n Adicional<\/strong><\/span><\/h3>\n<ul>\n<li style=\"list-style-type: none;\">\n<ul>\n<li>Educacion Formal.<\/li>\n<li>Calendario Acad\u00e9mico 2024-1.<\/li>\n<li>Programas Acad\u00e9micos.<\/li>\n<li>Educaci\u00f3n para el trabajo.<\/li>\n<li>Galer\u00eda de Imagenes.<\/li>\n<li>Reglamento de Higiene y Seguridad Industrial.<\/li>\n<\/ul>\n<\/li>\n<\/ul>\n<h5><span style=\"color: #224692;\"><strong>Sede Girardot:<\/strong><\/span><\/h5>\n<p><strong>Direcci\u00f3n:<\/strong> Calle 16 No. 7 &#8211; 39<\/p>\n<p>Girardot, Cundinamarca<\/p>\n<p><strong>Tel\u00e9fonos:<\/strong> 888 9859<\/p>\n<p><strong>Celular:<\/strong> 322 364 7480 &#8211; 322 364 7496 &#8211; 322 364 7484<\/p>\n<p>[\/et_pb_text][\/et_pb_column][et_pb_column type=\u00bb2_3&#8243; _builder_version=\u00bb4.22.0&#8243; _module_preset=\u00bbdefault\u00bb global_colors_info=\u00bb{}\u00bb][et_pb_blog include_categories=\u00bb10&#8243; excerpt_length=\u00bb150&#8243; show_more=\u00bbon\u00bb show_author=\u00bboff\u00bb show_date=\u00bboff\u00bb show_categories=\u00bboff\u00bb module_class=\u00bbigualar-alturae\u00bb _builder_version=\u00bb4.22.0&#8243; _module_preset=\u00bbdefault\u00bb box_shadow_style=\u00bbpreset1&#8243; box_shadow_color=\u00bb#224692&#8243; global_colors_info=\u00bb{}\u00bb][\/et_pb_blog][et_pb_code _builder_version=\u00bb4.22.0&#8243; _module_preset=\u00bbdefault\u00bb custom_padding=\u00bb10px||5px||false|false\u00bb global_colors_info=\u00bb{}\u00bb]<\/p>\n<style><!-- [et_pb_line_break_holder] -->  @media all and (min-width: 981px) {<!-- [et_pb_line_break_holder] -->    .igualar-alturae .et_pb_post {<!-- [et_pb_line_break_holder] -->      min-height: 400px;<!-- [et_pb_line_break_holder] -->    }<!-- [et_pb_line_break_holder] -->  }<!-- [et_pb_line_break_holder] --><\/style>\n<p>[\/et_pb_code][\/et_pb_column][\/et_pb_row][\/et_pb_section]<\/p>\n","protected":false},"excerpt":{"rendered":"<p>COMUN\u00cdCATE CON NOSOTROSInformaci\u00f3n Adicional Educacion Formal. Calendario Acad\u00e9mico 2024-1. Programas Acad\u00e9micos. Educaci\u00f3n para el trabajo. Galer\u00eda de Imagenes. Reglamento de Higiene y Seguridad Industrial. Sede Girardot: Direcci\u00f3n: Calle 16 No. 7 &#8211; 39 Girardot, Cundinamarca Tel\u00e9fonos: 888 9859 Celular: 322 364 7480 &#8211; 322 364 7496 &#8211; 322 364 7484<\/p>\n","protected":false},"author":1,"featured_media":0,"parent":0,"menu_order":0,"comment_status":"closed","ping_status":"closed","template":"","meta":{"_et_pb_use_builder":"on","_et_pb_old_content":"<!-- wp:divi\/placeholder \/-->","_et_gb_content_width":"","content-type":"","_joinchat":[],"footnotes":""},"class_list":["post-1441","page","type-page","status-publish","hentry"],"yoast_head":"<!-- This site is optimized with the Yoast SEO plugin v27.3 - https:\/\/yoast.com\/product\/yoast-seo-wordpress\/ -->\n<title>Sede Girardot - Escuela de Artes y Letras<\/title>\n<meta name=\"robots\" content=\"index, follow, max-snippet:-1, max-image-preview:large, max-video-preview:-1\" \/>\n<link rel=\"canonical\" href=\"https:\/\/www.artesyletras.edu.co\/eal\/sede-girardot-2\/\" \/>\n<meta property=\"og:locale\" content=\"es_ES\" \/>\n<meta property=\"og:type\" content=\"article\" \/>\n<meta property=\"og:title\" content=\"Sede Girardot - Escuela de Artes y Letras\" \/>\n<meta property=\"og:description\" content=\"COMUN\u00cdCATE CON NOSOTROSInformaci\u00f3n Adicional Educacion Formal. Calendario Acad\u00e9mico 2024-1. Programas Acad\u00e9micos. Educaci\u00f3n para el trabajo. Galer\u00eda de Imagenes. Reglamento de Higiene y Seguridad Industrial. Sede Girardot: Direcci\u00f3n: Calle 16 No. 7 - 39 Girardot, Cundinamarca Tel\u00e9fonos: 888 9859 Celular: 322 364 7480 - 322 364 7496 - 322 364 7484\" \/>\n<meta property=\"og:url\" content=\"https:\/\/www.artesyletras.edu.co\/eal\/sede-girardot-2\/\" \/>\n<meta property=\"og:site_name\" content=\"Escuela de Artes y Letras\" \/>\n<meta property=\"article:modified_time\" content=\"2025-08-28T22:14:47+00:00\" \/>\n<meta property=\"og:image\" content=\"https:\/\/www.artesyletras.edu.co\/eal\/wp-content\/uploads\/2024\/08\/logo4123-05.png\" \/>\n\t<meta property=\"og:image:width\" content=\"6319\" \/>\n\t<meta property=\"og:image:height\" content=\"2991\" \/>\n\t<meta property=\"og:image:type\" content=\"image\/png\" \/>\n<meta name=\"twitter:card\" content=\"summary_large_image\" \/>\n<meta name=\"twitter:label1\" content=\"Tiempo de lectura\" \/>\n\t<meta name=\"twitter:data1\" content=\"3 minutos\" \/>\n<script type=\"application\/ld+json\" class=\"yoast-schema-graph\">{\"@context\":\"https:\\\/\\\/schema.org\",\"@graph\":[{\"@type\":\"WebPage\",\"@id\":\"https:\\\/\\\/www.artesyletras.edu.co\\\/eal\\\/sede-girardot-2\\\/\",\"url\":\"https:\\\/\\\/www.artesyletras.edu.co\\\/eal\\\/sede-girardot-2\\\/\",\"name\":\"Sede Girardot - Escuela de Artes y Letras\",\"isPartOf\":{\"@id\":\"https:\\\/\\\/www.artesyletras.edu.co\\\/eal\\\/#website\"},\"datePublished\":\"2023-11-07T20:17:07+00:00\",\"dateModified\":\"2025-08-28T22:14:47+00:00\",\"breadcrumb\":{\"@id\":\"https:\\\/\\\/www.artesyletras.edu.co\\\/eal\\\/sede-girardot-2\\\/#breadcrumb\"},\"inLanguage\":\"es\",\"potentialAction\":[{\"@type\":\"ReadAction\",\"target\":[\"https:\\\/\\\/www.artesyletras.edu.co\\\/eal\\\/sede-girardot-2\\\/\"]}]},{\"@type\":\"BreadcrumbList\",\"@id\":\"https:\\\/\\\/www.artesyletras.edu.co\\\/eal\\\/sede-girardot-2\\\/#breadcrumb\",\"itemListElement\":[{\"@type\":\"ListItem\",\"position\":1,\"name\":\"Home\",\"item\":\"https:\\\/\\\/www.artesyletras.edu.co\\\/eal\\\/\"},{\"@type\":\"ListItem\",\"position\":2,\"name\":\"Sede Girardot\"}]},{\"@type\":\"WebSite\",\"@id\":\"https:\\\/\\\/www.artesyletras.edu.co\\\/eal\\\/#website\",\"url\":\"https:\\\/\\\/www.artesyletras.edu.co\\\/eal\\\/\",\"name\":\"Escuela de Artes y Letras\",\"description\":\"La Corporaci\u00f3n Escuela de Artes y Letras - Instituci\u00f3n Universitaria. Es el referente del Arte aplicado a las Industrias Creativas y Culturales.\",\"publisher\":{\"@id\":\"https:\\\/\\\/www.artesyletras.edu.co\\\/eal\\\/#organization\"},\"alternateName\":\"www.artesyletras.com.co\",\"potentialAction\":[{\"@type\":\"SearchAction\",\"target\":{\"@type\":\"EntryPoint\",\"urlTemplate\":\"https:\\\/\\\/www.artesyletras.edu.co\\\/eal\\\/?s={search_term_string}\"},\"query-input\":{\"@type\":\"PropertyValueSpecification\",\"valueRequired\":true,\"valueName\":\"search_term_string\"}}],\"inLanguage\":\"es\"},{\"@type\":\"Organization\",\"@id\":\"https:\\\/\\\/www.artesyletras.edu.co\\\/eal\\\/#organization\",\"name\":\"Escuela de Artes y letras\",\"alternateName\":\"www.artesyletras.com.co\",\"url\":\"https:\\\/\\\/www.artesyletras.edu.co\\\/eal\\\/\",\"logo\":{\"@type\":\"ImageObject\",\"inLanguage\":\"es\",\"@id\":\"https:\\\/\\\/www.artesyletras.edu.co\\\/eal\\\/#\\\/schema\\\/logo\\\/image\\\/\",\"url\":\"https:\\\/\\\/www.artesyletras.edu.co\\\/eal\\\/wp-content\\\/uploads\\\/2024\\\/08\\\/logo4123-05.png\",\"contentUrl\":\"https:\\\/\\\/www.artesyletras.edu.co\\\/eal\\\/wp-content\\\/uploads\\\/2024\\\/08\\\/logo4123-05.png\",\"width\":6319,\"height\":2991,\"caption\":\"Escuela de Artes y letras\"},\"image\":{\"@id\":\"https:\\\/\\\/www.artesyletras.edu.co\\\/eal\\\/#\\\/schema\\\/logo\\\/image\\\/\"}}]}<\/script>\n<!-- \/ Yoast SEO plugin. -->","yoast_head_json":{"title":"Sede Girardot - Escuela de Artes y Letras","robots":{"index":"index","follow":"follow","max-snippet":"max-snippet:-1","max-image-preview":"max-image-preview:large","max-video-preview":"max-video-preview:-1"},"canonical":"https:\/\/www.artesyletras.edu.co\/eal\/sede-girardot-2\/","og_locale":"es_ES","og_type":"article","og_title":"Sede Girardot - Escuela de Artes y Letras","og_description":"COMUN\u00cdCATE CON NOSOTROSInformaci\u00f3n Adicional Educacion Formal. Calendario Acad\u00e9mico 2024-1. Programas Acad\u00e9micos. Educaci\u00f3n para el trabajo. Galer\u00eda de Imagenes. Reglamento de Higiene y Seguridad Industrial. Sede Girardot: Direcci\u00f3n: Calle 16 No. 7 - 39 Girardot, Cundinamarca Tel\u00e9fonos: 888 9859 Celular: 322 364 7480 - 322 364 7496 - 322 364 7484","og_url":"https:\/\/www.artesyletras.edu.co\/eal\/sede-girardot-2\/","og_site_name":"Escuela de Artes y Letras","article_modified_time":"2025-08-28T22:14:47+00:00","og_image":[{"width":6319,"height":2991,"url":"https:\/\/www.artesyletras.edu.co\/eal\/wp-content\/uploads\/2024\/08\/logo4123-05.png","type":"image\/png"}],"twitter_card":"summary_large_image","twitter_misc":{"Tiempo de lectura":"3 minutos"},"schema":{"@context":"https:\/\/schema.org","@graph":[{"@type":"WebPage","@id":"https:\/\/www.artesyletras.edu.co\/eal\/sede-girardot-2\/","url":"https:\/\/www.artesyletras.edu.co\/eal\/sede-girardot-2\/","name":"Sede Girardot - Escuela de Artes y Letras","isPartOf":{"@id":"https:\/\/www.artesyletras.edu.co\/eal\/#website"},"datePublished":"2023-11-07T20:17:07+00:00","dateModified":"2025-08-28T22:14:47+00:00","breadcrumb":{"@id":"https:\/\/www.artesyletras.edu.co\/eal\/sede-girardot-2\/#breadcrumb"},"inLanguage":"es","potentialAction":[{"@type":"ReadAction","target":["https:\/\/www.artesyletras.edu.co\/eal\/sede-girardot-2\/"]}]},{"@type":"BreadcrumbList","@id":"https:\/\/www.artesyletras.edu.co\/eal\/sede-girardot-2\/#breadcrumb","itemListElement":[{"@type":"ListItem","position":1,"name":"Home","item":"https:\/\/www.artesyletras.edu.co\/eal\/"},{"@type":"ListItem","position":2,"name":"Sede Girardot"}]},{"@type":"WebSite","@id":"https:\/\/www.artesyletras.edu.co\/eal\/#website","url":"https:\/\/www.artesyletras.edu.co\/eal\/","name":"Escuela de Artes y Letras","description":"La Corporaci\u00f3n Escuela de Artes y Letras - Instituci\u00f3n Universitaria. Es el referente del Arte aplicado a las Industrias Creativas y Culturales.","publisher":{"@id":"https:\/\/www.artesyletras.edu.co\/eal\/#organization"},"alternateName":"www.artesyletras.com.co","potentialAction":[{"@type":"SearchAction","target":{"@type":"EntryPoint","urlTemplate":"https:\/\/www.artesyletras.edu.co\/eal\/?s={search_term_string}"},"query-input":{"@type":"PropertyValueSpecification","valueRequired":true,"valueName":"search_term_string"}}],"inLanguage":"es"},{"@type":"Organization","@id":"https:\/\/www.artesyletras.edu.co\/eal\/#organization","name":"Escuela de Artes y letras","alternateName":"www.artesyletras.com.co","url":"https:\/\/www.artesyletras.edu.co\/eal\/","logo":{"@type":"ImageObject","inLanguage":"es","@id":"https:\/\/www.artesyletras.edu.co\/eal\/#\/schema\/logo\/image\/","url":"https:\/\/www.artesyletras.edu.co\/eal\/wp-content\/uploads\/2024\/08\/logo4123-05.png","contentUrl":"https:\/\/www.artesyletras.edu.co\/eal\/wp-content\/uploads\/2024\/08\/logo4123-05.png","width":6319,"height":2991,"caption":"Escuela de Artes y letras"},"image":{"@id":"https:\/\/www.artesyletras.edu.co\/eal\/#\/schema\/logo\/image\/"}}]}},"_links":{"self":[{"href":"https:\/\/www.artesyletras.edu.co\/eal\/wp-json\/wp\/v2\/pages\/1441","targetHints":{"allow":["GET"]}}],"collection":[{"href":"https:\/\/www.artesyletras.edu.co\/eal\/wp-json\/wp\/v2\/pages"}],"about":[{"href":"https:\/\/www.artesyletras.edu.co\/eal\/wp-json\/wp\/v2\/types\/page"}],"author":[{"embeddable":true,"href":"https:\/\/www.artesyletras.edu.co\/eal\/wp-json\/wp\/v2\/users\/1"}],"replies":[{"embeddable":true,"href":"https:\/\/www.artesyletras.edu.co\/eal\/wp-json\/wp\/v2\/comments?post=1441"}],"version-history":[{"count":16,"href":"https:\/\/www.artesyletras.edu.co\/eal\/wp-json\/wp\/v2\/pages\/1441\/revisions"}],"predecessor-version":[{"id":5604,"href":"https:\/\/www.artesyletras.edu.co\/eal\/wp-json\/wp\/v2\/pages\/1441\/revisions\/5604"}],"wp:attachment":[{"href":"https:\/\/www.artesyletras.edu.co\/eal\/wp-json\/wp\/v2\/media?parent=1441"}],"curies":[{"name":"wp","href":"https:\/\/api.w.org\/{rel}","templated":true}]}}